{"id":1435,"date":"2022-04-19T08:47:45","date_gmt":"2022-04-19T06:47:45","guid":{"rendered":"https:\/\/ecorav.com\/?page_id=1435"},"modified":"2025-04-29T16:49:12","modified_gmt":"2025-04-29T14:49:12","slug":"sede-di-roma","status":"publish","type":"page","link":"https:\/\/www.ecorav.com\/de\/buro-in-roma\/","title":{"rendered":"B\u00dcRO IN ROMA"},"content":{"rendered":"<div data-elementor-type=\"wp-page\" data-elementor-id=\"1435\" class=\"elementor elementor-1435\" data-elementor-post-type=\"page\">\n\t\t\t\t<div class=\"elementor-element elementor-element-1bceec1 e-flex e-con-boxed e-con e-parent\" data-id=\"1bceec1\" data-element_type=\"container\" data-e-type=\"container\" data-settings=\"{&quot;background_background&quot;:&quot;classic&quot;}\">\n\t\t\t\t\t<div class=\"e-con-inner\">\n\t\t\t\t\t<\/div>\n\t\t\t\t<\/div>\n\t\t\t\t<section class=\"elementor-section elementor-top-section elementor-element elementor-element-53166b59 elementor-section-boxed elementor-section-height-default elementor-section-height-default\" data-id=\"53166b59\" data-element_type=\"section\" data-e-type=\"section\">\n\t\t\t\t\t\t<div class=\"elementor-container elementor-column-gap-wider\">\n\t\t\t\t\t<div class=\"elementor-column elementor-col-50 elementor-top-column elementor-element elementor-element-387e307b elementor-invisible\" data-id=\"387e307b\" data-element_type=\"column\" data-e-type=\"column\" data-settings=\"{&quot;animation&quot;:&quot;fadeInLeft&quot;}\">\n\t\t\t<div class=\"elementor-widget-wrap elementor-element-populated\">\n\t\t\t\t\t\t<div class=\"elementor-element elementor-element-5900a273 elementor-widget elementor-widget-heading\" data-id=\"5900a273\" data-element_type=\"widget\" data-e-type=\"widget\" data-widget_type=\"heading.default\">\n\t\t\t\t<div class=\"elementor-widget-container\">\n\t\t\t\t\t<h2 class=\"elementor-heading-title elementor-size-default\">Niederlassung in  <span style=\"font-weight:800\">Roma<\/span><\/h2>\t\t\t\t<\/div>\n\t\t\t\t<\/div>\n\t\t\t\t<div class=\"elementor-element elementor-element-4160ded2 elementor-widget elementor-widget-image\" data-id=\"4160ded2\" data-element_type=\"widget\" data-e-type=\"widget\" data-widget_type=\"image.default\">\n\t\t\t\t<div class=\"elementor-widget-container\">\n\t\t\t\t\t\t\t\t\t\t\t\t\t\t\t<img decoding=\"async\" width=\"441\" height=\"16\" src=\"https:\/\/www.ecorav.com\/wp-content\/uploads\/2020\/11\/filetto.png\" class=\"attachment-large size-large wp-image-350\" alt=\"\" srcset=\"https:\/\/www.ecorav.com\/wp-content\/uploads\/2020\/11\/filetto.png 441w, https:\/\/www.ecorav.com\/wp-content\/uploads\/2020\/11\/filetto-300x11.png 300w\" sizes=\"(max-width: 441px) 100vw, 441px\" \/>\t\t\t\t\t\t\t\t\t\t\t\t\t\t\t<\/div>\n\t\t\t\t<\/div>\n\t\t\t\t<div class=\"elementor-element elementor-element-113d1871 elementor-widget elementor-widget-text-editor\" data-id=\"113d1871\" data-element_type=\"widget\" data-e-type=\"widget\" data-widget_type=\"text-editor.default\">\n\t\t\t\t<div class=\"elementor-widget-container\">\n\t\t\t\t\t\t\t\t\t<div><span style=\"font-family: Calibri, sans-serif; font-size: small; color: #000000;\"><span style=\"font-family: Roboto; font-size: large;\"><i>Im November 2021 hat ECO.RAV.V eine neue Gesch\u00e4ftsabteilung in Rom im Stadtviertel EUR als Unterst\u00fctzung der Firmenzentrale in Longarone er\u00f6ffnet. Der Standort ist eine weitere Pr\u00e4senz auf italienischem Staatsgebiet und k\u00fcmmert sich haupts\u00e4chlich um:<\/i><\/span><\/span><\/div><ul><li><span style=\"font-family: Calibri, sans-serif; font-size: small; color: #000000;\"><span style=\"font-family: Roboto; font-size: large;\"><i>Abfallwirtschaft<\/i><\/span><\/span><\/li><li><span style=\"font-family: Calibri, sans-serif; font-size: small; color: #000000;\"><span style=\"font-family: Roboto; font-size: large;\"><i>Handling-Aktivit\u00e4ten;<\/i><\/span><\/span><\/li><li><span style=\"font-family: Calibri, sans-serif; font-size: small; color: #000000;\"><span style=\"font-family: Roboto; font-size: large;\"><i>Umweltsanierung.<\/i><\/span><\/span><\/li><\/ul><div><span style=\"font-family: Calibri, sans-serif; font-size: small; color: #000000;\"><span style=\"font-family: Roboto; font-size: large;\"><i>La presenza di ECO.RA.V a Roma \u00e8 una tappa fondamentale del processo di crescita ed espansione territoriale al di fuori del Nord Italia. Svolge una funzione prettamente commerciale, fungendo da nuovo punto di rappresentanza aziendale. Sviluppa sia nuove relazioni commerciali che rapporti con i clienti consolidati del Centro Sud Italia oltre che con le Istituzioni ed i rappresentanti del territorio.<\/i><\/span><\/span><\/div>\t\t\t\t\t\t\t\t<\/div>\n\t\t\t\t<\/div>\n\t\t\t\t\t<\/div>\n\t\t<\/div>\n\t\t\t\t<div class=\"elementor-column elementor-col-50 elementor-top-column elementor-element elementor-element-42224337 elementor-invisible\" data-id=\"42224337\" data-element_type=\"column\" data-e-type=\"column\" data-settings=\"{&quot;animation&quot;:&quot;fadeInRight&quot;}\">\n\t\t\t<div class=\"elementor-widget-wrap elementor-element-populated\">\n\t\t\t\t\t\t<div class=\"elementor-element elementor-element-d2e0d2a elementor-widget elementor-widget-image\" data-id=\"d2e0d2a\" data-element_type=\"widget\" data-e-type=\"widget\" data-widget_type=\"image.default\">\n\t\t\t\t<div class=\"elementor-widget-container\">\n\t\t\t\t\t\t\t\t\t\t\t\t\t\t\t<img fetchpriority=\"high\" decoding=\"async\" width=\"768\" height=\"1024\" src=\"https:\/\/www.ecorav.com\/wp-content\/uploads\/2024\/03\/PHOTO-2024-03-07-10-32-08-5-768x1024.jpg\" class=\"attachment-large size-large wp-image-1771\" alt=\"Sede di Roma 2\" srcset=\"https:\/\/www.ecorav.com\/wp-content\/uploads\/2024\/03\/PHOTO-2024-03-07-10-32-08-5-768x1024.jpg 768w, https:\/\/www.ecorav.com\/wp-content\/uploads\/2024\/03\/PHOTO-2024-03-07-10-32-08-5-225x300.jpg 225w, https:\/\/www.ecorav.com\/wp-content\/uploads\/2024\/03\/PHOTO-2024-03-07-10-32-08-5-1152x1536.jpg 1152w, https:\/\/www.ecorav.com\/wp-content\/uploads\/2024\/03\/PHOTO-2024-03-07-10-32-08-5-9x12.jpg 9w, https:\/\/www.ecorav.com\/wp-content\/uploads\/2024\/03\/PHOTO-2024-03-07-10-32-08-5.jpg 1200w\" sizes=\"(max-width: 768px) 100vw, 768px\" \/>\t\t\t\t\t\t\t\t\t\t\t\t\t\t\t<\/div>\n\t\t\t\t<\/div>\n\t\t\t\t\t<\/div>\n\t\t<\/div>\n\t\t\t\t\t<\/div>\n\t\t<\/section>\n\t\t\t\t<\/div>","protected":false},"excerpt":{"rendered":"<p>Sede di Roma Da Novembre 2021, ECO.RA.V. ha aperto una nuova divisione commerciale a Roma, zona EUR, a supporto della sede centrale di Longarone. La sede rappresenta un\u2019ulteriore presenza sul territorio nazionale in cui sviluppa principalmente le attivit\u00e0 di: gestione rifiuti; attivit\u00e0 handling; bonifica ambientale. La presenza di ECO.RA.V a Roma \u00e8 una tappa fondamentale [&hellip;]<\/p>\n","protected":false},"author":1,"featured_media":0,"parent":0,"menu_order":0,"comment_status":"closed","ping_status":"closed","template":"elementor_header_footer","meta":{"footnotes":""},"class_list":["post-1435","page","type-page","status-publish","hentry"],"_links":{"self":[{"href":"https:\/\/www.ecorav.com\/de\/wp-json\/wp\/v2\/pages\/1435","targetHints":{"allow":["GET"]}}],"collection":[{"href":"https:\/\/www.ecorav.com\/de\/wp-json\/wp\/v2\/pages"}],"about":[{"href":"https:\/\/www.ecorav.com\/de\/wp-json\/wp\/v2\/types\/page"}],"author":[{"embeddable":true,"href":"https:\/\/www.ecorav.com\/de\/wp-json\/wp\/v2\/users\/1"}],"replies":[{"embeddable":true,"href":"https:\/\/www.ecorav.com\/de\/wp-json\/wp\/v2\/comments?post=1435"}],"version-history":[{"count":10,"href":"https:\/\/www.ecorav.com\/de\/wp-json\/wp\/v2\/pages\/1435\/revisions"}],"predecessor-version":[{"id":2492,"href":"https:\/\/www.ecorav.com\/de\/wp-json\/wp\/v2\/pages\/1435\/revisions\/2492"}],"wp:attachment":[{"href":"https:\/\/www.ecorav.com\/de\/wp-json\/wp\/v2\/media?parent=1435"}],"curies":[{"name":"wp","href":"https:\/\/api.w.org\/{rel}","templated":true}]}}