{"id":2144,"date":"2024-09-12T17:29:22","date_gmt":"2024-09-12T15:29:22","guid":{"rendered":"https:\/\/ecorav.com\/?page_id=2144"},"modified":"2025-04-29T17:05:31","modified_gmt":"2025-04-29T15:05:31","slug":"ambito-sociale-2","status":"publish","type":"page","link":"https:\/\/www.ecorav.com\/de\/sostenibilita\/ambito-sociale-2\/","title":{"rendered":"Ambito sociale"},"content":{"rendered":"\t\t<div data-elementor-type=\"wp-page\" data-elementor-id=\"2144\" class=\"elementor elementor-2144\" data-elementor-post-type=\"page\">\n\t\t\t\t<div class=\"elementor-element elementor-element-68fe6a3 e-flex e-con-boxed e-con e-parent\" data-id=\"68fe6a3\" data-element_type=\"container\" data-e-type=\"container\" data-settings=\"{&quot;background_background&quot;:&quot;classic&quot;}\">\n\t\t\t\t\t<div class=\"e-con-inner\">\n\t\t\t\t\t<\/div>\n\t\t\t\t<\/div>\n\t\t<div class=\"elementor-element elementor-element-eacb15f e-flex e-con-boxed e-con e-parent\" data-id=\"eacb15f\" data-element_type=\"container\" data-e-type=\"container\">\n\t\t\t\t\t<div class=\"e-con-inner\">\n\t\t<div class=\"elementor-element elementor-element-47bbafc e-con-full e-flex e-con e-child\" data-id=\"47bbafc\" data-element_type=\"container\" data-e-type=\"container\">\n\t\t<div class=\"elementor-element elementor-element-177ef7c e-con-full e-flex e-con e-child\" data-id=\"177ef7c\" data-element_type=\"container\" data-e-type=\"container\">\n\t\t\t\t<div class=\"elementor-element elementor-element-2764c72 elementor-widget elementor-widget-heading\" data-id=\"2764c72\" data-element_type=\"widget\" data-e-type=\"widget\" data-widget_type=\"heading.default\">\n\t\t\t\t<div class=\"elementor-widget-container\">\n\t\t\t\t\t<h2 class=\"elementor-heading-title elementor-size-default\">Ambito SOCIALE<\/h2>\t\t\t\t<\/div>\n\t\t\t\t<\/div>\n\t\t\t\t<div class=\"elementor-element elementor-element-5e8dffb elementor-widget elementor-widget-image\" data-id=\"5e8dffb\" data-element_type=\"widget\" data-e-type=\"widget\" data-widget_type=\"image.default\">\n\t\t\t\t<div class=\"elementor-widget-container\">\n\t\t\t\t\t\t\t\t\t\t\t\t\t\t\t<img decoding=\"async\" width=\"441\" height=\"16\" src=\"https:\/\/www.ecorav.com\/wp-content\/uploads\/2020\/11\/filetto.png\" class=\"attachment-large size-large wp-image-350\" alt=\"\" srcset=\"https:\/\/www.ecorav.com\/wp-content\/uploads\/2020\/11\/filetto.png 441w, https:\/\/www.ecorav.com\/wp-content\/uploads\/2020\/11\/filetto-300x11.png 300w\" sizes=\"(max-width: 441px) 100vw, 441px\" \/>\t\t\t\t\t\t\t\t\t\t\t\t\t\t\t<\/div>\n\t\t\t\t<\/div>\n\t\t<div class=\"elementor-element elementor-element-887e77e e-con-full e-flex e-con e-child\" data-id=\"887e77e\" data-element_type=\"container\" data-e-type=\"container\">\n\t\t\t\t<div class=\"elementor-element elementor-element-a4f76ad elementor-widget elementor-widget-image\" data-id=\"a4f76ad\" data-element_type=\"widget\" data-e-type=\"widget\" data-widget_type=\"image.default\">\n\t\t\t\t<div class=\"elementor-widget-container\">\n\t\t\t\t\t\t\t\t\t\t\t\t\t\t\t<img fetchpriority=\"high\" decoding=\"async\" width=\"800\" height=\"566\" src=\"https:\/\/www.ecorav.com\/wp-content\/uploads\/2024\/09\/ambito-sociale-1024x724.jpg\" class=\"attachment-large size-large wp-image-2083\" alt=\"ambito-sociale\" srcset=\"https:\/\/www.ecorav.com\/wp-content\/uploads\/2024\/09\/ambito-sociale-1024x724.jpg 1024w, https:\/\/www.ecorav.com\/wp-content\/uploads\/2024\/09\/ambito-sociale-300x212.jpg 300w, https:\/\/www.ecorav.com\/wp-content\/uploads\/2024\/09\/ambito-sociale-768x543.jpg 768w, https:\/\/www.ecorav.com\/wp-content\/uploads\/2024\/09\/ambito-sociale-18x12.jpg 18w, https:\/\/www.ecorav.com\/wp-content\/uploads\/2024\/09\/ambito-sociale.jpg 1200w\" sizes=\"(max-width: 800px) 100vw, 800px\" \/>\t\t\t\t\t\t\t\t\t\t\t\t\t\t\t<\/div>\n\t\t\t\t<\/div>\n\t\t\t\t<div class=\"elementor-element elementor-element-7905cd5 elementor-widget elementor-widget-heading\" data-id=\"7905cd5\" data-element_type=\"widget\" data-e-type=\"widget\" data-widget_type=\"heading.default\">\n\t\t\t\t<div class=\"elementor-widget-container\">\n\t\t\t\t\t<h2 class=\"elementor-heading-title elementor-size-default\">LAVORO E DIRITTI UMANI\n<\/h2>\t\t\t\t<\/div>\n\t\t\t\t<\/div>\n\t\t\t\t<div class=\"elementor-element elementor-element-201021a elementor-widget elementor-widget-text-editor\" data-id=\"201021a\" data-element_type=\"widget\" data-e-type=\"widget\" data-widget_type=\"text-editor.default\">\n\t\t\t\t<div class=\"elementor-widget-container\">\n\t\t\t\t\t\t\t\t\t<p class=\"p1\"><span class=\"s1\">Per il ECO.RA.V. la valorizzazione del lavoro ed il rispetto dei diritti umani \u00e8 un valore imprescindibile sul quale si fondano la cultura e la strategia aziendale. ECO.RA.V. si prende cura persone e dei territori in cui opera, perch\u00e9 desideriamo renderle protagoniste della trasformazione verso un nuovo modello di sviluppo sempre pi\u00f9 inclusivo.<\/span><\/p>\t\t\t\t\t\t\t\t<\/div>\n\t\t\t\t<\/div>\n\t\t\t\t<div class=\"elementor-element elementor-element-7770165 elementor-align-start elementor-icon-list--layout-traditional elementor-list-item-link-full_width elementor-widget elementor-widget-icon-list\" data-id=\"7770165\" data-element_type=\"widget\" data-e-type=\"widget\" data-widget_type=\"icon-list.default\">\n\t\t\t\t<div class=\"elementor-widget-container\">\n\t\t\t\t\t\t\t<ul class=\"elementor-icon-list-items\">\n\t\t\t\t\t\t\t<li class=\"elementor-icon-list-item\">\n\t\t\t\t\t\t\t\t\t\t\t<a href=\"https:\/\/www.ecorav.com\/wp-content\/uploads\/2024\/10\/Politica-per-il-lavoro-ed-i-diritti-umani-1-1.pdf\" target=\"_blank\">\n\n\t\t\t\t\t\t\t\t\t\t\t\t<span class=\"elementor-icon-list-icon\">\n\t\t\t\t\t\t\t<i aria-hidden=\"true\" class=\"far fa-file-pdf\"><\/i>\t\t\t\t\t\t<\/span>\n\t\t\t\t\t\t\t\t\t\t<span class=\"elementor-icon-list-text\">Politica per i lavoro ed i diritti umani<\/span>\n\t\t\t\t\t\t\t\t\t\t\t<\/a>\n\t\t\t\t\t\t\t\t\t<\/li>\n\t\t\t\t\t\t\t\t<li class=\"elementor-icon-list-item\">\n\t\t\t\t\t\t\t\t\t\t\t<a href=\"https:\/\/www.ecorav.com\/wp-content\/uploads\/2022\/11\/UNI-ISO-45001.2018_-valido-fino-al-03.11.2025.pdf\" target=\"_blank\">\n\n\t\t\t\t\t\t\t\t\t\t\t\t<span class=\"elementor-icon-list-icon\">\n\t\t\t\t\t\t\t<i aria-hidden=\"true\" class=\"far fa-file-pdf\"><\/i>\t\t\t\t\t\t<\/span>\n\t\t\t\t\t\t\t\t\t\t<span class=\"elementor-icon-list-text\">UNI ISO 45001.2018<\/span>\n\t\t\t\t\t\t\t\t\t\t\t<\/a>\n\t\t\t\t\t\t\t\t\t<\/li>\n\t\t\t\t\t\t<\/ul>\n\t\t\t\t\t\t<\/div>\n\t\t\t\t<\/div>\n\t\t\t\t<\/div>\n\t\t<div class=\"elementor-element elementor-element-add3fff e-con-full e-flex e-con e-child\" data-id=\"add3fff\" data-element_type=\"container\" data-e-type=\"container\">\n\t\t\t\t<div class=\"elementor-element elementor-element-edf9fa6 elementor-widget elementor-widget-heading\" data-id=\"edf9fa6\" data-element_type=\"widget\" data-e-type=\"widget\" data-widget_type=\"heading.default\">\n\t\t\t\t<div class=\"elementor-widget-container\">\n\t\t\t\t\t<h2 class=\"elementor-heading-title elementor-size-default\">PARIT\u00c0 DI GENERE\n<\/h2>\t\t\t\t<\/div>\n\t\t\t\t<\/div>\n\t\t\t\t<div class=\"elementor-element elementor-element-066eaa8 elementor-widget elementor-widget-text-editor\" data-id=\"066eaa8\" data-element_type=\"widget\" data-e-type=\"widget\" data-widget_type=\"text-editor.default\">\n\t\t\t\t<div class=\"elementor-widget-container\">\n\t\t\t\t\t\t\t\t\t<p class=\"p1\"><span class=\"s1\" style=\"color: #000000;\">ECO.RA.V. rifiuta qualsiasi forma di discriminazione basata su etnia, colore della pelle, identificazione ed espressione di genere, et\u00e0, disabilit\u00e0, orientamento sessuale, religione, opinioni politiche, nazionalit\u00e0, origine sociale, orientamento e adesione politico o sindacale e si impegna a mantenere un ambiente di lavoro libero da ogni forma di violenza o molestia. Per ECO.RA.V. la diversit\u00e0 rappresenta un elemento strategico per la competitivit\u00e0 aziendale e lo sviluppo delle proprie persone. ECO.RA.V. crede che team diversi per competenze, esperienze e background arricchiscano l\u2019ambiente di lavoro e stimolino la creativit\u00e0, favorendo uno stile di leadership pi\u00f9 efficace e alimentando una cultura aziendale sempre pi\u00f9 aperta. Non Discriminazione, Pari Opportunit\u00e0 e Inclusione permeano i valori di aziendali.<\/span><\/p>\t\t\t\t\t\t\t\t<\/div>\n\t\t\t\t<\/div>\n\t\t\t\t<div class=\"elementor-element elementor-element-13920bf elementor-align-start elementor-icon-list--layout-traditional elementor-list-item-link-full_width elementor-widget elementor-widget-icon-list\" data-id=\"13920bf\" data-element_type=\"widget\" data-e-type=\"widget\" data-widget_type=\"icon-list.default\">\n\t\t\t\t<div class=\"elementor-widget-container\">\n\t\t\t\t\t\t\t<ul class=\"elementor-icon-list-items\">\n\t\t\t\t\t\t\t<li class=\"elementor-icon-list-item\">\n\t\t\t\t\t\t\t\t\t\t\t<a href=\"https:\/\/www.ecorav.com\/wp-content\/uploads\/2024\/08\/Codice-di-condotta-PARITA_GRUPPO.pdf\" target=\"_blank\">\n\n\t\t\t\t\t\t\t\t\t\t\t\t<span class=\"elementor-icon-list-icon\">\n\t\t\t\t\t\t\t<i aria-hidden=\"true\" class=\"far fa-file-pdf\"><\/i>\t\t\t\t\t\t<\/span>\n\t\t\t\t\t\t\t\t\t\t<span class=\"elementor-icon-list-text\">Codice di condotta<\/span>\n\t\t\t\t\t\t\t\t\t\t\t<\/a>\n\t\t\t\t\t\t\t\t\t<\/li>\n\t\t\t\t\t\t\t\t<li class=\"elementor-icon-list-item\">\n\t\t\t\t\t\t\t\t\t\t\t<a href=\"https:\/\/www.ecorav.com\/wp-content\/uploads\/2024\/08\/Politica-genitorialita-e-cura.pdf\" target=\"_blank\">\n\n\t\t\t\t\t\t\t\t\t\t\t\t<span class=\"elementor-icon-list-icon\">\n\t\t\t\t\t\t\t<i aria-hidden=\"true\" class=\"far fa-file-pdf\"><\/i>\t\t\t\t\t\t<\/span>\n\t\t\t\t\t\t\t\t\t\t<span class=\"elementor-icon-list-text\">Politica genitorialit\u00e0 e cura<\/span>\n\t\t\t\t\t\t\t\t\t\t\t<\/a>\n\t\t\t\t\t\t\t\t\t<\/li>\n\t\t\t\t\t\t<\/ul>\n\t\t\t\t\t\t<\/div>\n\t\t\t\t<\/div>\n\t\t\t\t<\/div>\n\t\t\t\t<\/div>\n\t\t\t\t<\/div>\n\t\t<div class=\"elementor-element elementor-element-5f216a9 e-con-full e-flex e-con e-child\" data-id=\"5f216a9\" data-element_type=\"container\" data-e-type=\"container\" data-settings=\"{&quot;sticky&quot;:&quot;top&quot;,&quot;sticky_parent&quot;:&quot;yes&quot;,&quot;sticky_offset&quot;:52,&quot;sticky_effects_offset&quot;:32,&quot;sticky_on&quot;:[&quot;desktop&quot;,&quot;tablet&quot;],&quot;sticky_anchor_link_offset&quot;:0}\">\n\t\t<div class=\"elementor-element elementor-element-ee9c4f4 e-con-full e-flex e-con e-child\" data-id=\"ee9c4f4\" data-element_type=\"container\" data-e-type=\"container\" data-settings=\"{&quot;background_background&quot;:&quot;classic&quot;}\">\n\t\t\t\t<div class=\"elementor-element elementor-element-b4d3e04 elementor-widget elementor-widget-heading\" data-id=\"b4d3e04\" data-element_type=\"widget\" data-e-type=\"widget\" data-widget_type=\"heading.default\">\n\t\t\t\t<div class=\"elementor-widget-container\">\n\t\t\t\t\t<h2 class=\"elementor-heading-title elementor-size-default\"><a href=\"https:\/\/www.ecorav.com\/sostenibilita\/#ambito-sociale\">AMBITO SOCIALE<\/a><\/h2>\t\t\t\t<\/div>\n\t\t\t\t<\/div>\n\t\t\t\t<div class=\"elementor-element elementor-element-5dda72f elementor-widget elementor-widget-image\" data-id=\"5dda72f\" data-element_type=\"widget\" data-e-type=\"widget\" data-widget_type=\"image.default\">\n\t\t\t\t<div class=\"elementor-widget-container\">\n\t\t\t\t\t\t\t\t\t\t\t\t\t\t\t<img decoding=\"async\" width=\"441\" height=\"16\" src=\"https:\/\/www.ecorav.com\/wp-content\/uploads\/2020\/11\/filetto.png\" class=\"attachment-full size-full wp-image-350\" alt=\"\" srcset=\"https:\/\/www.ecorav.com\/wp-content\/uploads\/2020\/11\/filetto.png 441w, https:\/\/www.ecorav.com\/wp-content\/uploads\/2020\/11\/filetto-300x11.png 300w\" sizes=\"(max-width: 441px) 100vw, 441px\" \/>\t\t\t\t\t\t\t\t\t\t\t\t\t\t\t<\/div>\n\t\t\t\t<\/div>\n\t\t<div class=\"elementor-element elementor-element-f09f883 e-con-full e-flex e-con e-child\" data-id=\"f09f883\" data-element_type=\"container\" data-e-type=\"container\">\n\t\t\t\t<div class=\"elementor-element elementor-element-bec7982 elementor-nav-menu--dropdown-none elementor-widget elementor-widget-nav-menu\" data-id=\"bec7982\" data-element_type=\"widget\" data-e-type=\"widget\" data-settings=\"{&quot;layout&quot;:&quot;vertical&quot;,&quot;submenu_icon&quot;:{&quot;value&quot;:&quot;&lt;i class=\\&quot;fas fa-caret-down\\&quot; aria-hidden=\\&quot;true\\&quot;&gt;&lt;\\\/i&gt;&quot;,&quot;library&quot;:&quot;fa-solid&quot;}}\" data-widget_type=\"nav-menu.default\">\n\t\t\t\t<div class=\"elementor-widget-container\">\n\t\t\t\t\t\t\t\t<nav aria-label=\"Menu\" class=\"elementor-nav-menu--main elementor-nav-menu__container elementor-nav-menu--layout-vertical e--pointer-none\">\n\t\t\t\t<ul id=\"menu-1-bec7982\" class=\"elementor-nav-menu sm-vertical\"><li class=\"menu-item menu-item-type-custom menu-item-object-custom menu-item-1899\"><a href=\"#Lavoro-e-diritti-umani\" class=\"elementor-item elementor-item-anchor\">Lavoro e diritti umani<\/a><\/li>\n<li class=\"menu-item menu-item-type-custom menu-item-object-custom menu-item-1900\"><a href=\"#Parit\u00e0-di-genere\" class=\"elementor-item elementor-item-anchor\">Parit\u00e0 di genere<\/a><\/li>\n<\/ul>\t\t\t<\/nav>\n\t\t\t\t\t\t<nav class=\"elementor-nav-menu--dropdown elementor-nav-menu__container\" aria-hidden=\"true\">\n\t\t\t\t<ul id=\"menu-2-bec7982\" class=\"elementor-nav-menu sm-vertical\"><li class=\"menu-item menu-item-type-custom menu-item-object-custom menu-item-1899\"><a href=\"#Lavoro-e-diritti-umani\" class=\"elementor-item elementor-item-anchor\" tabindex=\"-1\">Lavoro e diritti umani<\/a><\/li>\n<li class=\"menu-item menu-item-type-custom menu-item-object-custom menu-item-1900\"><a href=\"#Parit\u00e0-di-genere\" class=\"elementor-item elementor-item-anchor\" tabindex=\"-1\">Parit\u00e0 di genere<\/a><\/li>\n<\/ul>\t\t\t<\/nav>\n\t\t\t\t\t\t<\/div>\n\t\t\t\t<\/div>\n\t\t\t\t<\/div>\n\t\t\t\t<\/div>\n\t\t\t\t<\/div>\n\t\t\t\t\t<\/div>\n\t\t\t\t<\/div>\n\t\t<div class=\"elementor-element elementor-element-0e68f38 e-flex e-con-boxed e-con e-parent\" data-id=\"0e68f38\" data-element_type=\"container\" data-e-type=\"container\">\n\t\t\t\t\t<div class=\"e-con-inner\">\n\t\t<div class=\"elementor-element elementor-element-f4106d7 e-con-full e-flex e-con e-child\" data-id=\"f4106d7\" data-element_type=\"container\" data-e-type=\"container\">\n\t\t\t\t<div class=\"elementor-element elementor-element-5e571d4 elementor-widget elementor-widget-heading\" data-id=\"5e571d4\" data-element_type=\"widget\" data-e-type=\"widget\" data-widget_type=\"heading.default\">\n\t\t\t\t<div class=\"elementor-widget-container\">\n\t\t\t\t\t<p class=\"elementor-heading-title elementor-size-default\">Altri ambiti:<\/p>\t\t\t\t<\/div>\n\t\t\t\t<\/div>\n\t\t<div class=\"elementor-element elementor-element-d7fa4cf e-con-full e-flex e-con e-child\" data-id=\"d7fa4cf\" data-element_type=\"container\" data-e-type=\"container\">\n\t\t<div class=\"elementor-element elementor-element-46f49f9 e-con-full e-flex e-con e-child\" data-id=\"46f49f9\" data-element_type=\"container\" data-e-type=\"container\">\n\t\t\t\t<div class=\"elementor-element elementor-element-6991d7f elementor-widget elementor-widget-image\" data-id=\"6991d7f\" data-element_type=\"widget\" data-e-type=\"widget\" data-widget_type=\"image.default\">\n\t\t\t\t<div class=\"elementor-widget-container\">\n\t\t\t\t\t\t\t\t\t\t\t\t\t\t\t\t<a href=\"https:\/\/www.ecorav.com\/ambito-governance\/\">\n\t\t\t\t\t\t\t<img loading=\"lazy\" decoding=\"async\" width=\"800\" height=\"566\" src=\"https:\/\/www.ecorav.com\/wp-content\/uploads\/2024\/09\/ambito-governance-1024x724.jpg\" class=\"attachment-large size-large wp-image-2082\" alt=\"ambito-governance\" srcset=\"https:\/\/www.ecorav.com\/wp-content\/uploads\/2024\/09\/ambito-governance-1024x724.jpg 1024w, https:\/\/www.ecorav.com\/wp-content\/uploads\/2024\/09\/ambito-governance-300x212.jpg 300w, https:\/\/www.ecorav.com\/wp-content\/uploads\/2024\/09\/ambito-governance-768x543.jpg 768w, https:\/\/www.ecorav.com\/wp-content\/uploads\/2024\/09\/ambito-governance-18x12.jpg 18w, https:\/\/www.ecorav.com\/wp-content\/uploads\/2024\/09\/ambito-governance.jpg 1200w\" sizes=\"(max-width: 800px) 100vw, 800px\" \/>\t\t\t\t\t\t\t\t<\/a>\n\t\t\t\t\t\t\t\t\t\t\t\t\t\t\t<\/div>\n\t\t\t\t<\/div>\n\t\t\t\t<div class=\"elementor-element elementor-element-3d64122 elementor-icon-list--layout-inline elementor-align-start elementor-list-item-link-full_width elementor-widget elementor-widget-icon-list\" data-id=\"3d64122\" data-element_type=\"widget\" data-e-type=\"widget\" data-widget_type=\"icon-list.default\">\n\t\t\t\t<div class=\"elementor-widget-container\">\n\t\t\t\t\t\t\t<ul class=\"elementor-icon-list-items elementor-inline-items\">\n\t\t\t\t\t\t\t<li class=\"elementor-icon-list-item elementor-inline-item\">\n\t\t\t\t\t\t\t\t\t\t\t<a href=\"https:\/\/www.ecorav.com\/ambito-governance\/\">\n\n\t\t\t\t\t\t\t\t\t\t\t\t<span class=\"elementor-icon-list-icon\">\n\t\t\t\t\t\t\t<i aria-hidden=\"true\" class=\"far fa-circle\"><\/i>\t\t\t\t\t\t<\/span>\n\t\t\t\t\t\t\t\t\t\t<span class=\"elementor-icon-list-text\">AMBITO GOVERNANCE<\/span>\n\t\t\t\t\t\t\t\t\t\t\t<\/a>\n\t\t\t\t\t\t\t\t\t<\/li>\n\t\t\t\t\t\t<\/ul>\n\t\t\t\t\t\t<\/div>\n\t\t\t\t<\/div>\n\t\t\t\t<\/div>\n\t\t<div class=\"elementor-element elementor-element-4407c42 e-con-full e-flex e-con e-child\" data-id=\"4407c42\" data-element_type=\"container\" data-e-type=\"container\">\n\t\t\t\t<div class=\"elementor-element elementor-element-faa05d0 elementor-widget elementor-widget-image\" data-id=\"faa05d0\" data-element_type=\"widget\" data-e-type=\"widget\" data-widget_type=\"image.default\">\n\t\t\t\t<div class=\"elementor-widget-container\">\n\t\t\t\t\t\t\t\t\t\t\t\t\t\t\t\t<a href=\"https:\/\/www.ecorav.com\/ambito-ambientale\/\">\n\t\t\t\t\t\t\t<img loading=\"lazy\" decoding=\"async\" width=\"800\" height=\"566\" src=\"https:\/\/www.ecorav.com\/wp-content\/uploads\/2024\/09\/ambito-ambientale-1024x724.jpg\" class=\"attachment-large size-large wp-image-2081\" alt=\"ambito-ambientale\" srcset=\"https:\/\/www.ecorav.com\/wp-content\/uploads\/2024\/09\/ambito-ambientale-1024x724.jpg 1024w, https:\/\/www.ecorav.com\/wp-content\/uploads\/2024\/09\/ambito-ambientale-300x212.jpg 300w, https:\/\/www.ecorav.com\/wp-content\/uploads\/2024\/09\/ambito-ambientale-768x543.jpg 768w, https:\/\/www.ecorav.com\/wp-content\/uploads\/2024\/09\/ambito-ambientale-18x12.jpg 18w, https:\/\/www.ecorav.com\/wp-content\/uploads\/2024\/09\/ambito-ambientale.jpg 1200w\" sizes=\"(max-width: 800px) 100vw, 800px\" \/>\t\t\t\t\t\t\t\t<\/a>\n\t\t\t\t\t\t\t\t\t\t\t\t\t\t\t<\/div>\n\t\t\t\t<\/div>\n\t\t\t\t<div class=\"elementor-element elementor-element-3fbb030 elementor-icon-list--layout-inline elementor-align-start elementor-list-item-link-full_width elementor-widget elementor-widget-icon-list\" data-id=\"3fbb030\" data-element_type=\"widget\" data-e-type=\"widget\" data-widget_type=\"icon-list.default\">\n\t\t\t\t<div class=\"elementor-widget-container\">\n\t\t\t\t\t\t\t<ul class=\"elementor-icon-list-items elementor-inline-items\">\n\t\t\t\t\t\t\t<li class=\"elementor-icon-list-item elementor-inline-item\">\n\t\t\t\t\t\t\t\t\t\t\t<a href=\"https:\/\/www.ecorav.com\/ambito-ambientale\/\">\n\n\t\t\t\t\t\t\t\t\t\t\t\t<span class=\"elementor-icon-list-icon\">\n\t\t\t\t\t\t\t<i aria-hidden=\"true\" class=\"far fa-circle\"><\/i>\t\t\t\t\t\t<\/span>\n\t\t\t\t\t\t\t\t\t\t<span class=\"elementor-icon-list-text\">Ambito Ambientale<\/span>\n\t\t\t\t\t\t\t\t\t\t\t<\/a>\n\t\t\t\t\t\t\t\t\t<\/li>\n\t\t\t\t\t\t<\/ul>\n\t\t\t\t\t\t<\/div>\n\t\t\t\t<\/div>\n\t\t\t\t<\/div>\n\t\t<div class=\"elementor-element elementor-element-3ad10ff e-con-full e-flex e-con e-child\" data-id=\"3ad10ff\" data-element_type=\"container\" data-e-type=\"container\">\n\t\t\t\t<\/div>\n\t\t\t\t<\/div>\n\t\t\t\t<\/div>\n\t\t\t\t\t<\/div>\n\t\t\t\t<\/div>\n\t\t\t\t<\/div>\n\t\t","protected":false},"excerpt":{"rendered":"<p>Ambito SOCIALE LAVORO E DIRITTI UMANI Per il ECO.RA.V. la valorizzazione del lavoro ed il rispetto dei diritti umani \u00e8 un valore imprescindibile sul quale si fondano la cultura e la strategia aziendale. ECO.RA.V. si prende cura persone e dei territori in cui opera, perch\u00e9 desideriamo renderle protagoniste della trasformazione verso un nuovo modello di [&hellip;]<\/p>\n","protected":false},"author":1,"featured_media":0,"parent":1798,"menu_order":0,"comment_status":"closed","ping_status":"closed","template":"elementor_header_footer","meta":{"footnotes":""},"class_list":["post-2144","page","type-page","status-publish","hentry"],"_links":{"self":[{"href":"https:\/\/www.ecorav.com\/de\/wp-json\/wp\/v2\/pages\/2144","targetHints":{"allow":["GET"]}}],"collection":[{"href":"https:\/\/www.ecorav.com\/de\/wp-json\/wp\/v2\/pages"}],"about":[{"href":"https:\/\/www.ecorav.com\/de\/wp-json\/wp\/v2\/types\/page"}],"author":[{"embeddable":true,"href":"https:\/\/www.ecorav.com\/de\/wp-json\/wp\/v2\/users\/1"}],"replies":[{"embeddable":true,"href":"https:\/\/www.ecorav.com\/de\/wp-json\/wp\/v2\/comments?post=2144"}],"version-history":[{"count":27,"href":"https:\/\/www.ecorav.com\/de\/wp-json\/wp\/v2\/pages\/2144\/revisions"}],"predecessor-version":[{"id":2515,"href":"https:\/\/www.ecorav.com\/de\/wp-json\/wp\/v2\/pages\/2144\/revisions\/2515"}],"up":[{"embeddable":true,"href":"https:\/\/www.ecorav.com\/de\/wp-json\/wp\/v2\/pages\/1798"}],"wp:attachment":[{"href":"https:\/\/www.ecorav.com\/de\/wp-json\/wp\/v2\/media?parent=2144"}],"curies":[{"name":"wp","href":"https:\/\/api.w.org\/{rel}","templated":true}]}}