{"id":1798,"date":"2024-08-01T10:06:28","date_gmt":"2024-08-01T08:06:28","guid":{"rendered":"https:\/\/ecorav.com\/?page_id=1798"},"modified":"2025-04-29T16:57:17","modified_gmt":"2025-04-29T14:57:17","slug":"sostenibilita","status":"publish","type":"page","link":"https:\/\/www.ecorav.com\/en\/sostenibilita\/","title":{"rendered":"Sostenibilit\u00e0"},"content":{"rendered":"<div data-elementor-type=\"wp-page\" data-elementor-id=\"1798\" class=\"elementor elementor-1798\" data-elementor-post-type=\"page\">\n\t\t\t\t<div class=\"elementor-element elementor-element-c8a5b85 e-flex e-con-boxed e-con e-parent\" data-id=\"c8a5b85\" data-element_type=\"container\" data-e-type=\"container\" data-settings=\"{&quot;background_background&quot;:&quot;classic&quot;}\">\n\t\t\t\t\t<div class=\"e-con-inner\">\n\t\t\t\t\t<\/div>\n\t\t\t\t<\/div>\n\t\t<div class=\"elementor-element elementor-element-04e539f e-flex e-con-boxed e-con e-parent\" data-id=\"04e539f\" data-element_type=\"container\" data-e-type=\"container\">\n\t\t\t\t\t<div class=\"e-con-inner\">\n\t\t<div class=\"elementor-element elementor-element-bdd5904 e-con-full e-flex e-con e-child\" data-id=\"bdd5904\" data-element_type=\"container\" data-e-type=\"container\">\n\t\t\t\t<div class=\"elementor-element elementor-element-a702c80 elementor-widget elementor-widget-heading\" data-id=\"a702c80\" data-element_type=\"widget\" data-e-type=\"widget\" data-widget_type=\"heading.default\">\n\t\t\t\t<div class=\"elementor-widget-container\">\n\t\t\t\t\t<h2 class=\"elementor-heading-title elementor-size-default\">Cosa \u00e8 <span style=\"font-weight:800\">la sostenibilit\u00e0<\/span> <\/h2>\t\t\t\t<\/div>\n\t\t\t\t<\/div>\n\t\t\t\t<div class=\"elementor-element elementor-element-c8dd5bc elementor-widget elementor-widget-image\" data-id=\"c8dd5bc\" data-element_type=\"widget\" data-e-type=\"widget\" data-widget_type=\"image.default\">\n\t\t\t\t<div class=\"elementor-widget-container\">\n\t\t\t\t\t\t\t\t\t\t\t\t\t\t\t<img decoding=\"async\" width=\"441\" height=\"16\" src=\"https:\/\/www.ecorav.com\/wp-content\/uploads\/2020\/11\/filetto.png\" class=\"attachment-large size-large wp-image-350\" alt=\"\" srcset=\"https:\/\/www.ecorav.com\/wp-content\/uploads\/2020\/11\/filetto.png 441w, https:\/\/www.ecorav.com\/wp-content\/uploads\/2020\/11\/filetto-300x11.png 300w\" sizes=\"(max-width: 441px) 100vw, 441px\" \/>\t\t\t\t\t\t\t\t\t\t\t\t\t\t\t<\/div>\n\t\t\t\t<\/div>\n\t\t\t\t<div class=\"elementor-element elementor-element-e3d861c elementor-widget elementor-widget-text-editor\" data-id=\"e3d861c\" data-element_type=\"widget\" data-e-type=\"widget\" data-widget_type=\"text-editor.default\">\n\t\t\t\t<div class=\"elementor-widget-container\">\n\t\t\t\t\t\t\t\t\t<p class=\"p1\"><span class=\"s1\" style=\"color: #000000;\">Ecorav ritiene di identificare la\u00a0<b>sostenibilit\u00e0 come un principio guida<\/b>\u00a0con l\u2019obiettivo di\u00a0<b>soddisfare le necessit\u00e0 del presente senza compromettere la capacit\u00e0 delle future generazioni di soddisfare le proprie esigenze<\/b>.<\/span><\/p><p class=\"p1\"><span class=\"s1\" style=\"color: #000000;\">La sostenibilit\u00e0 si fonda sull\u2019equilibrio tra ambiente, societ\u00e0 ed economia, promuovendo la riduzione degli impatti negativi sul nostro Pianeta e il benessere delle persone. <\/span><\/p><p class=\"p2\"><span class=\"s1\" style=\"color: #000000;\">La sostenibilit\u00e0\u00a0<b>implica l\u2019adozione di pratiche responsabili<\/b>\u00a0ed \u00e8 a tutti gli effetti una sfida globale che richiede la collaborazione di individui, imprese, governi e organizzazioni per creare un futuro sostenibile e prospero per tutti.<\/span><\/p><p class=\"p2\"><span class=\"s1\" style=\"color: #000000;\">La<b>\u00a0sostenibilit\u00e0<\/b> per Ecorav \u00e8 diventata una\u00a0<b>priorit\u00e0, in quanto risulta necessario<\/b> accrescere la consapevolezza rispetto all\u2019impatto delle sue attivit\u00e0 sull\u2019ambiente e sulla societ\u00e0.<\/span><\/p>\t\t\t\t\t\t\t\t<\/div>\n\t\t\t\t<\/div>\n\t\t\t\t<div class=\"elementor-element elementor-element-e7653f1 elementor-widget elementor-widget-heading\" data-id=\"e7653f1\" data-element_type=\"widget\" data-e-type=\"widget\" data-widget_type=\"heading.default\">\n\t\t\t\t<div class=\"elementor-widget-container\">\n\t\t\t\t\t<p class=\"elementor-heading-title elementor-size-default\">I 3 temi principali sulle quali si basa sono:\u00a0\n<\/p>\t\t\t\t<\/div>\n\t\t\t\t<\/div>\n\t\t<div class=\"elementor-element elementor-element-2553b83 e-con-full e-flex e-con e-child\" data-id=\"2553b83\" data-element_type=\"container\" data-e-type=\"container\">\n\t\t<div class=\"elementor-element elementor-element-4be4446 e-con-full e-flex e-con e-child\" data-id=\"4be4446\" data-element_type=\"container\" data-e-type=\"container\">\n\t\t\t\t<div class=\"elementor-element elementor-element-a9fa02c elementor-widget elementor-widget-image\" data-id=\"a9fa02c\" data-element_type=\"widget\" data-e-type=\"widget\" data-widget_type=\"image.default\">\n\t\t\t\t<div class=\"elementor-widget-container\">\n\t\t\t\t\t\t\t\t\t\t\t\t\t\t\t\t<a href=\"https:\/\/www.ecorav.com\/en\/ambito-governance\/\">\n\t\t\t\t\t\t\t<img fetchpriority=\"high\" decoding=\"async\" width=\"800\" height=\"566\" src=\"https:\/\/www.ecorav.com\/wp-content\/uploads\/2024\/09\/ambito-governance-1024x724.jpg\" class=\"attachment-large size-large wp-image-2082\" alt=\"ambito-governance\" srcset=\"https:\/\/www.ecorav.com\/wp-content\/uploads\/2024\/09\/ambito-governance-1024x724.jpg 1024w, https:\/\/www.ecorav.com\/wp-content\/uploads\/2024\/09\/ambito-governance-300x212.jpg 300w, https:\/\/www.ecorav.com\/wp-content\/uploads\/2024\/09\/ambito-governance-768x543.jpg 768w, https:\/\/www.ecorav.com\/wp-content\/uploads\/2024\/09\/ambito-governance-18x12.jpg 18w, https:\/\/www.ecorav.com\/wp-content\/uploads\/2024\/09\/ambito-governance.jpg 1200w\" sizes=\"(max-width: 800px) 100vw, 800px\" \/>\t\t\t\t\t\t\t\t<\/a>\n\t\t\t\t\t\t\t\t\t\t\t\t\t\t\t<\/div>\n\t\t\t\t<\/div>\n\t\t\t\t<div class=\"elementor-element elementor-element-87754e9 elementor-icon-list--layout-inline elementor-align-start elementor-list-item-link-full_width elementor-widget elementor-widget-icon-list\" data-id=\"87754e9\" data-element_type=\"widget\" data-e-type=\"widget\" data-widget_type=\"icon-list.default\">\n\t\t\t\t<div class=\"elementor-widget-container\">\n\t\t\t\t\t\t\t<ul class=\"elementor-icon-list-items elementor-inline-items\">\n\t\t\t\t\t\t\t<li class=\"elementor-icon-list-item elementor-inline-item\">\n\t\t\t\t\t\t\t\t\t\t\t<a href=\"https:\/\/www.ecorav.com\/en\/ambito-governance\/\">\n\n\t\t\t\t\t\t\t\t\t\t\t\t<span class=\"elementor-icon-list-icon\">\n\t\t\t\t\t\t\t<i aria-hidden=\"true\" class=\"far fa-circle\"><\/i>\t\t\t\t\t\t<\/span>\n\t\t\t\t\t\t\t\t\t\t<span class=\"elementor-icon-list-text\">AMBITO GOVERNANCE<\/span>\n\t\t\t\t\t\t\t\t\t\t\t<\/a>\n\t\t\t\t\t\t\t\t\t<\/li>\n\t\t\t\t\t\t<\/ul>\n\t\t\t\t\t\t<\/div>\n\t\t\t\t<\/div>\n\t\t\t\t<\/div>\n\t\t<div class=\"elementor-element elementor-element-915ad76 e-con-full e-flex e-con e-child\" data-id=\"915ad76\" data-element_type=\"container\" data-e-type=\"container\">\n\t\t\t\t<div class=\"elementor-element elementor-element-91e6034 elementor-widget elementor-widget-image\" data-id=\"91e6034\" data-element_type=\"widget\" data-e-type=\"widget\" data-widget_type=\"image.default\">\n\t\t\t\t<div class=\"elementor-widget-container\">\n\t\t\t\t\t\t\t\t\t\t\t\t\t\t\t\t<a href=\"https:\/\/www.ecorav.com\/en\/ambito-ambientale\/\">\n\t\t\t\t\t\t\t<img decoding=\"async\" width=\"800\" height=\"566\" src=\"https:\/\/www.ecorav.com\/wp-content\/uploads\/2024\/09\/ambito-ambientale-1024x724.jpg\" class=\"attachment-large size-large wp-image-2081\" alt=\"ambito-ambientale\" srcset=\"https:\/\/www.ecorav.com\/wp-content\/uploads\/2024\/09\/ambito-ambientale-1024x724.jpg 1024w, https:\/\/www.ecorav.com\/wp-content\/uploads\/2024\/09\/ambito-ambientale-300x212.jpg 300w, https:\/\/www.ecorav.com\/wp-content\/uploads\/2024\/09\/ambito-ambientale-768x543.jpg 768w, https:\/\/www.ecorav.com\/wp-content\/uploads\/2024\/09\/ambito-ambientale-18x12.jpg 18w, https:\/\/www.ecorav.com\/wp-content\/uploads\/2024\/09\/ambito-ambientale.jpg 1200w\" sizes=\"(max-width: 800px) 100vw, 800px\" \/>\t\t\t\t\t\t\t\t<\/a>\n\t\t\t\t\t\t\t\t\t\t\t\t\t\t\t<\/div>\n\t\t\t\t<\/div>\n\t\t\t\t<div class=\"elementor-element elementor-element-681ff17 elementor-icon-list--layout-inline elementor-align-start elementor-list-item-link-full_width elementor-widget elementor-widget-icon-list\" data-id=\"681ff17\" data-element_type=\"widget\" data-e-type=\"widget\" data-widget_type=\"icon-list.default\">\n\t\t\t\t<div class=\"elementor-widget-container\">\n\t\t\t\t\t\t\t<ul class=\"elementor-icon-list-items elementor-inline-items\">\n\t\t\t\t\t\t\t<li class=\"elementor-icon-list-item elementor-inline-item\">\n\t\t\t\t\t\t\t\t\t\t\t<a href=\"https:\/\/www.ecorav.com\/en\/ambito-ambientale\/\">\n\n\t\t\t\t\t\t\t\t\t\t\t\t<span class=\"elementor-icon-list-icon\">\n\t\t\t\t\t\t\t<i aria-hidden=\"true\" class=\"far fa-circle\"><\/i>\t\t\t\t\t\t<\/span>\n\t\t\t\t\t\t\t\t\t\t<span class=\"elementor-icon-list-text\">Ambito Ambientale<\/span>\n\t\t\t\t\t\t\t\t\t\t\t<\/a>\n\t\t\t\t\t\t\t\t\t<\/li>\n\t\t\t\t\t\t<\/ul>\n\t\t\t\t\t\t<\/div>\n\t\t\t\t<\/div>\n\t\t\t\t<\/div>\n\t\t<div class=\"elementor-element elementor-element-f378eff e-con-full e-flex e-con e-child\" data-id=\"f378eff\" data-element_type=\"container\" data-e-type=\"container\">\n\t\t\t\t<div class=\"elementor-element elementor-element-7ea9eff elementor-widget elementor-widget-image\" data-id=\"7ea9eff\" data-element_type=\"widget\" data-e-type=\"widget\" data-widget_type=\"image.default\">\n\t\t\t\t<div class=\"elementor-widget-container\">\n\t\t\t\t\t\t\t\t\t\t\t\t\t\t\t\t<a href=\"https:\/\/www.ecorav.com\/en\/ambito-sociale\/\">\n\t\t\t\t\t\t\t<img loading=\"lazy\" decoding=\"async\" width=\"800\" height=\"566\" src=\"https:\/\/www.ecorav.com\/wp-content\/uploads\/2024\/09\/ambito-sociale-1024x724.jpg\" class=\"attachment-large size-large wp-image-2083\" alt=\"ambito-sociale\" srcset=\"https:\/\/www.ecorav.com\/wp-content\/uploads\/2024\/09\/ambito-sociale-1024x724.jpg 1024w, https:\/\/www.ecorav.com\/wp-content\/uploads\/2024\/09\/ambito-sociale-300x212.jpg 300w, https:\/\/www.ecorav.com\/wp-content\/uploads\/2024\/09\/ambito-sociale-768x543.jpg 768w, https:\/\/www.ecorav.com\/wp-content\/uploads\/2024\/09\/ambito-sociale-18x12.jpg 18w, https:\/\/www.ecorav.com\/wp-content\/uploads\/2024\/09\/ambito-sociale.jpg 1200w\" sizes=\"(max-width: 800px) 100vw, 800px\" \/>\t\t\t\t\t\t\t\t<\/a>\n\t\t\t\t\t\t\t\t\t\t\t\t\t\t\t<\/div>\n\t\t\t\t<\/div>\n\t\t\t\t<div class=\"elementor-element elementor-element-8160dca elementor-icon-list--layout-inline elementor-align-start elementor-list-item-link-full_width elementor-widget elementor-widget-icon-list\" data-id=\"8160dca\" data-element_type=\"widget\" data-e-type=\"widget\" data-widget_type=\"icon-list.default\">\n\t\t\t\t<div class=\"elementor-widget-container\">\n\t\t\t\t\t\t\t<ul class=\"elementor-icon-list-items elementor-inline-items\">\n\t\t\t\t\t\t\t<li class=\"elementor-icon-list-item elementor-inline-item\">\n\t\t\t\t\t\t\t\t\t\t\t<a href=\"https:\/\/www.ecorav.com\/en\/ambito-sociale\/\">\n\n\t\t\t\t\t\t\t\t\t\t\t\t<span class=\"elementor-icon-list-icon\">\n\t\t\t\t\t\t\t<i aria-hidden=\"true\" class=\"far fa-circle\"><\/i>\t\t\t\t\t\t<\/span>\n\t\t\t\t\t\t\t\t\t\t<span class=\"elementor-icon-list-text\">Ambito Sociale<\/span>\n\t\t\t\t\t\t\t\t\t\t\t<\/a>\n\t\t\t\t\t\t\t\t\t<\/li>\n\t\t\t\t\t\t<\/ul>\n\t\t\t\t\t\t<\/div>\n\t\t\t\t<\/div>\n\t\t\t\t<\/div>\n\t\t\t\t<\/div>\n\t\t\t\t<div class=\"elementor-element elementor-element-e2d493e elementor-widget elementor-widget-text-editor\" data-id=\"e2d493e\" data-element_type=\"widget\" data-e-type=\"widget\" data-widget_type=\"text-editor.default\">\n\t\t\t\t<div class=\"elementor-widget-container\">\n\t\t\t\t\t\t\t\t\t<p><span style=\"color: #000000;\">L\u2019 approccio sostenibile deve bilanciare gli interessi e le esigenze di tutte le parti interessate. Solo integrando i temi sostenibili, possiamo sperare di costruire un futuro equilibrato e prospero per le generazioni presenti e future. La sostenibilit\u00e0 \u00e8 una sfida, ma \u00e8 anche una straordinaria opportunit\u00e0 per plasmare un mondo migliore per tutti.<\/span><\/p>\t\t\t\t\t\t\t\t<\/div>\n\t\t\t\t<\/div>\n\t\t\t\t<\/div>\n\t\t\t\t\t<\/div>\n\t\t\t\t<\/div>\n\t\t<div class=\"elementor-element elementor-element-e882d14 e-flex e-con-boxed e-con e-parent\" data-id=\"e882d14\" data-element_type=\"container\" data-e-type=\"container\" data-settings=\"{&quot;background_background&quot;:&quot;classic&quot;}\">\n\t\t\t\t\t<div class=\"e-con-inner\">\n\t\t<div class=\"elementor-element elementor-element-8a44d60 e-con-full e-flex e-con e-child\" data-id=\"8a44d60\" data-element_type=\"container\" data-e-type=\"container\">\n\t\t<div class=\"elementor-element elementor-element-34a2c3f e-con-full e-flex e-con e-child\" data-id=\"34a2c3f\" data-element_type=\"container\" data-e-type=\"container\" data-settings=\"{&quot;background_background&quot;:&quot;classic&quot;}\">\n\t\t<div class=\"elementor-element elementor-element-521e411 e-con-full e-flex e-con e-child\" data-id=\"521e411\" data-element_type=\"container\" data-e-type=\"container\">\n\t\t\t\t<div class=\"elementor-element elementor-element-b2cb932 elementor-widget elementor-widget-heading\" data-id=\"b2cb932\" data-element_type=\"widget\" data-e-type=\"widget\" data-widget_type=\"heading.default\">\n\t\t\t\t<div class=\"elementor-widget-container\">\n\t\t\t\t\t<h2 class=\"elementor-heading-title elementor-size-default\">Ecorav Overview: punti vista.\n<\/h2>\t\t\t\t<\/div>\n\t\t\t\t<\/div>\n\t\t\t\t<div class=\"elementor-element elementor-element-46825b2 elementor-widget elementor-widget-heading\" data-id=\"46825b2\" data-element_type=\"widget\" data-e-type=\"widget\" data-widget_type=\"heading.default\">\n\t\t\t\t<div class=\"elementor-widget-container\">\n\t\t\t\t\t<h2 class=\"elementor-heading-title elementor-size-default\">Dall\u2019esperienza e dalla sensibilit\u00e0 del Gruppo ECO.RA.V., nasce la volont\u00e0 di condividere punti di vista sostenibili ed etici, perch\u00e9 solo attraverso una responsabilit\u00e0 consapevole si pu\u00f2 pensare al domani.<\/h2>\t\t\t\t<\/div>\n\t\t\t\t<\/div>\n\t\t\t\t<div class=\"elementor-element elementor-element-a00f0fc elementor-widget elementor-widget-button\" data-id=\"a00f0fc\" data-element_type=\"widget\" data-e-type=\"widget\" data-widget_type=\"button.default\">\n\t\t\t\t<div class=\"elementor-widget-container\">\n\t\t\t\t\t\t\t\t\t<div class=\"elementor-button-wrapper\">\n\t\t\t\t\t<a class=\"elementor-button elementor-button-link elementor-size-sm\" href=\"https:\/\/ecoravoverview.com\/\" target=\"_blank\">\n\t\t\t\t\t\t<span class=\"elementor-button-content-wrapper\">\n\t\t\t\t\t\t\t\t\t<span class=\"elementor-button-text\">SCOPRI DI PI\u00d9<\/span>\n\t\t\t\t\t<\/span>\n\t\t\t\t\t<\/a>\n\t\t\t\t<\/div>\n\t\t\t\t\t\t\t\t<\/div>\n\t\t\t\t<\/div>\n\t\t\t\t<\/div>\n\t\t<div class=\"elementor-element elementor-element-a58d29d e-con-full e-flex e-con e-child\" data-id=\"a58d29d\" data-element_type=\"container\" data-e-type=\"container\">\n\t\t\t\t<div class=\"elementor-element elementor-element-bcabb9a elementor-widget elementor-widget-image\" data-id=\"bcabb9a\" data-element_type=\"widget\" data-e-type=\"widget\" data-widget_type=\"image.default\">\n\t\t\t\t<div class=\"elementor-widget-container\">\n\t\t\t\t\t\t\t\t\t\t\t\t\t\t\t<img loading=\"lazy\" decoding=\"async\" width=\"800\" height=\"195\" src=\"https:\/\/www.ecorav.com\/wp-content\/uploads\/2024\/08\/Ecorav-overview-logo-1024x249-1.png\" class=\"attachment-large size-large wp-image-2073\" alt=\"\" srcset=\"https:\/\/www.ecorav.com\/wp-content\/uploads\/2024\/08\/Ecorav-overview-logo-1024x249-1.png 1024w, https:\/\/www.ecorav.com\/wp-content\/uploads\/2024\/08\/Ecorav-overview-logo-1024x249-1-300x73.png 300w, https:\/\/www.ecorav.com\/wp-content\/uploads\/2024\/08\/Ecorav-overview-logo-1024x249-1-768x187.png 768w, https:\/\/www.ecorav.com\/wp-content\/uploads\/2024\/08\/Ecorav-overview-logo-1024x249-1-18x4.png 18w\" sizes=\"(max-width: 800px) 100vw, 800px\" \/>\t\t\t\t\t\t\t\t\t\t\t\t\t\t\t<\/div>\n\t\t\t\t<\/div>\n\t\t\t\t<\/div>\n\t\t\t\t<\/div>\n\t\t\t\t<\/div>\n\t\t\t\t\t<\/div>\n\t\t\t\t<\/div>\n\t\t\t\t<\/div>","protected":false},"excerpt":{"rendered":"<p>Cosa \u00e8 la sostenibilit\u00e0 Ecorav ritiene di identificare la\u00a0sostenibilit\u00e0 come un principio guida\u00a0con l\u2019obiettivo di\u00a0soddisfare le necessit\u00e0 del presente senza compromettere la capacit\u00e0 delle future generazioni di soddisfare le proprie esigenze. La sostenibilit\u00e0 si fonda sull\u2019equilibrio tra ambiente, societ\u00e0 ed economia, promuovendo la riduzione degli impatti negativi sul nostro Pianeta e il benessere delle persone. [&hellip;]<\/p>\n","protected":false},"author":1,"featured_media":0,"parent":0,"menu_order":0,"comment_status":"closed","ping_status":"closed","template":"elementor_header_footer","meta":{"footnotes":""},"class_list":["post-1798","page","type-page","status-publish","hentry"],"_links":{"self":[{"href":"https:\/\/www.ecorav.com\/en\/wp-json\/wp\/v2\/pages\/1798","targetHints":{"allow":["GET"]}}],"collection":[{"href":"https:\/\/www.ecorav.com\/en\/wp-json\/wp\/v2\/pages"}],"about":[{"href":"https:\/\/www.ecorav.com\/en\/wp-json\/wp\/v2\/types\/page"}],"author":[{"embeddable":true,"href":"https:\/\/www.ecorav.com\/en\/wp-json\/wp\/v2\/users\/1"}],"replies":[{"embeddable":true,"href":"https:\/\/www.ecorav.com\/en\/wp-json\/wp\/v2\/comments?post=1798"}],"version-history":[{"count":291,"href":"https:\/\/www.ecorav.com\/en\/wp-json\/wp\/v2\/pages\/1798\/revisions"}],"predecessor-version":[{"id":2507,"href":"https:\/\/www.ecorav.com\/en\/wp-json\/wp\/v2\/pages\/1798\/revisions\/2507"}],"wp:attachment":[{"href":"https:\/\/www.ecorav.com\/en\/wp-json\/wp\/v2\/media?parent=1798"}],"curies":[{"name":"wp","href":"https:\/\/api.w.org\/{rel}","templated":true}]}}