{"id":2341,"date":"2024-11-25T10:35:42","date_gmt":"2024-11-25T09:35:42","guid":{"rendered":"https:\/\/ecorav.com\/?page_id=2341"},"modified":"2025-04-29T17:04:46","modified_gmt":"2025-04-29T15:04:46","slug":"reporting","status":"publish","type":"page","link":"https:\/\/www.ecorav.com\/es\/sostenibilita\/reporting\/","title":{"rendered":"Reporting"},"content":{"rendered":"\t\t<div data-elementor-type=\"wp-page\" data-elementor-id=\"2341\" class=\"elementor elementor-2341\" data-elementor-post-type=\"page\">\n\t\t\t\t<div class=\"elementor-element elementor-element-9c382c3 e-flex e-con-boxed e-con e-parent\" data-id=\"9c382c3\" data-element_type=\"container\" data-e-type=\"container\" data-settings=\"{&quot;background_background&quot;:&quot;classic&quot;}\">\n\t\t\t\t\t<div class=\"e-con-inner\">\n\t\t\t\t\t<\/div>\n\t\t\t\t<\/div>\n\t\t<div class=\"elementor-element elementor-element-7cdac67 e-flex e-con-boxed e-con e-parent\" data-id=\"7cdac67\" data-element_type=\"container\" data-e-type=\"container\">\n\t\t\t\t\t<div class=\"e-con-inner\">\n\t\t<div class=\"elementor-element elementor-element-2e6bc9d e-con-full e-flex e-con e-child\" data-id=\"2e6bc9d\" data-element_type=\"container\" data-e-type=\"container\">\n\t\t<div class=\"elementor-element elementor-element-fe2a753 e-con-full e-flex e-con e-child\" data-id=\"fe2a753\" data-element_type=\"container\" data-e-type=\"container\">\n\t\t\t\t<div class=\"elementor-element elementor-element-2d99aad elementor-widget elementor-widget-heading\" data-id=\"2d99aad\" data-element_type=\"widget\" data-e-type=\"widget\" data-widget_type=\"heading.default\">\n\t\t\t\t<div class=\"elementor-widget-container\">\n\t\t\t\t\t<h2 class=\"elementor-heading-title elementor-size-default\">Reporting<\/h2>\t\t\t\t<\/div>\n\t\t\t\t<\/div>\n\t\t\t\t<div class=\"elementor-element elementor-element-af6e147 elementor-widget elementor-widget-image\" data-id=\"af6e147\" data-element_type=\"widget\" data-e-type=\"widget\" data-widget_type=\"image.default\">\n\t\t\t\t<div class=\"elementor-widget-container\">\n\t\t\t\t\t\t\t\t\t\t\t\t\t\t\t<img decoding=\"async\" width=\"441\" height=\"16\" src=\"https:\/\/www.ecorav.com\/wp-content\/uploads\/2020\/11\/filetto.png\" class=\"attachment-large size-large wp-image-350\" alt=\"\" srcset=\"https:\/\/www.ecorav.com\/wp-content\/uploads\/2020\/11\/filetto.png 441w, https:\/\/www.ecorav.com\/wp-content\/uploads\/2020\/11\/filetto-300x11.png 300w\" sizes=\"(max-width: 441px) 100vw, 441px\" \/>\t\t\t\t\t\t\t\t\t\t\t\t\t\t\t<\/div>\n\t\t\t\t<\/div>\n\t\t<div class=\"elementor-element elementor-element-c98001f e-con-full e-flex e-con e-child\" data-id=\"c98001f\" data-element_type=\"container\" data-e-type=\"container\" id=\"Ambiente-in-numeri\">\n\t\t\t\t<div class=\"elementor-element elementor-element-4775f8c elementor-widget elementor-widget-heading\" data-id=\"4775f8c\" data-element_type=\"widget\" data-e-type=\"widget\" data-widget_type=\"heading.default\">\n\t\t\t\t<div class=\"elementor-widget-container\">\n\t\t\t\t\t<h2 class=\"elementor-heading-title elementor-size-default\">L\u2019IMPEGNO di ECORAV PER L\u2019AMBIENTE e PER IL CLIMA\n<\/h2>\t\t\t\t<\/div>\n\t\t\t\t<\/div>\n\t\t\t\t<div class=\"elementor-element elementor-element-ebfdd54 elementor-widget elementor-widget-text-editor\" data-id=\"ebfdd54\" data-element_type=\"widget\" data-e-type=\"widget\" data-widget_type=\"text-editor.default\">\n\t\t\t\t<div class=\"elementor-widget-container\">\n\t\t\t\t\t\t\t\t\t<p class=\"p1\"><span class=\"s1\" style=\"color: #000000;\">l Gruppo, di cui Eco.Ra.V. \u00e8 Societ\u00e0 Madre, \u00e8 orgoglioso di presentare il primo Bilancio di Sostenibilit\u00e0, frutto di un percorso di consapevolezza e responsabilit\u00e0 nei confronti di ambiente, personale e territorio. Con questo documento si desidera condividere i risultati raggiunti, gli obiettivi, le azioni intraprese e i valori guida, nella convinzione che questo impegno possa generare un impatto positivo e duraturo.<\/span><\/p><p class=\"p1\"><span class=\"s1\" style=\"color: #000000;\">Il bilancio di sostenibilit\u00e0 \u00e8 una rendicontazione annuale di carattere non finanziario di tutti quegli elementi che hanno un impatto dal punto di vista economico, ambientale e sociale. In concreto, si tratta del documento che organizza e mette nero su bianco le diverse attivit\u00e0 svolte dal Gruppo in questi ambiti.<\/span><\/p>\t\t\t\t\t\t\t\t<\/div>\n\t\t\t\t<\/div>\n\t\t\t\t<div class=\"elementor-element elementor-element-72a0db8 elementor-align-start elementor-icon-list--layout-traditional elementor-list-item-link-full_width elementor-widget elementor-widget-icon-list\" data-id=\"72a0db8\" data-element_type=\"widget\" data-e-type=\"widget\" data-widget_type=\"icon-list.default\">\n\t\t\t\t<div class=\"elementor-widget-container\">\n\t\t\t\t\t\t\t<ul class=\"elementor-icon-list-items\">\n\t\t\t\t\t\t\t<li class=\"elementor-icon-list-item\">\n\t\t\t\t\t\t\t\t\t\t\t<a href=\"https:\/\/www.ecorav.com\/wp-content\/uploads\/2024\/12\/web_Bilancio_GRUPPO_ECORAV-v2_low.pdf\" target=\"_blank\">\n\n\t\t\t\t\t\t\t\t\t\t\t\t<span class=\"elementor-icon-list-icon\">\n\t\t\t\t\t\t\t<i aria-hidden=\"true\" class=\"far fa-file-pdf\"><\/i>\t\t\t\t\t\t<\/span>\n\t\t\t\t\t\t\t\t\t\t<span class=\"elementor-icon-list-text\">Bilancio di sostenibilit\u00e0 2023<\/span>\n\t\t\t\t\t\t\t\t\t\t\t<\/a>\n\t\t\t\t\t\t\t\t\t<\/li>\n\t\t\t\t\t\t<\/ul>\n\t\t\t\t\t\t<\/div>\n\t\t\t\t<\/div>\n\t\t\t\t<div class=\"elementor-element elementor-element-02c619c elementor-widget elementor-widget-text-editor\" data-id=\"02c619c\" data-element_type=\"widget\" data-e-type=\"widget\" data-widget_type=\"text-editor.default\">\n\t\t\t\t<div class=\"elementor-widget-container\">\n\t\t\t\t\t\t\t\t\t<p class=\"p1\"><span class=\"s1\"><span style=\"color: #000000;\">Per la redazione di questo documento, sono stati raccolti dati chiave che verranno monitorati anche nei prossimi anni con la finalit\u00e0 analizzare l\u2019impatto del Gruppo in termini di sostenibilit\u00e0 e consentire agli stakeholder di valutare con trasparenza i progressi fatti.<\/span> <\/span><\/p>\t\t\t\t\t\t\t\t<\/div>\n\t\t\t\t<\/div>\n\t\t\t\t<div class=\"elementor-element elementor-element-17734bd elementor-align-start elementor-icon-list--layout-traditional elementor-list-item-link-full_width elementor-widget elementor-widget-icon-list\" data-id=\"17734bd\" data-element_type=\"widget\" data-e-type=\"widget\" data-widget_type=\"icon-list.default\">\n\t\t\t\t<div class=\"elementor-widget-container\">\n\t\t\t\t\t\t\t<ul class=\"elementor-icon-list-items\">\n\t\t\t\t\t\t\t<li class=\"elementor-icon-list-item\">\n\t\t\t\t\t\t\t\t\t\t\t<a href=\"https:\/\/www.ecorav.com\/wp-content\/uploads\/2024\/12\/Ecorav_videoanimazione_v3.mp4\" target=\"_blank\">\n\n\t\t\t\t\t\t\t\t\t\t\t\t<span class=\"elementor-icon-list-icon\">\n\t\t\t\t\t\t\t<i aria-hidden=\"true\" class=\"fas fa-play-circle\"><\/i>\t\t\t\t\t\t<\/span>\n\t\t\t\t\t\t\t\t\t\t<span class=\"elementor-icon-list-text\">Guarda il video del Bilancio di sostenibilit\u00e0 2023<\/span>\n\t\t\t\t\t\t\t\t\t\t\t<\/a>\n\t\t\t\t\t\t\t\t\t<\/li>\n\t\t\t\t\t\t<\/ul>\n\t\t\t\t\t\t<\/div>\n\t\t\t\t<\/div>\n\t\t\t\t<\/div>\n\t\t\t\t<\/div>\n\t\t\t\t<\/div>\n\t\t<div class=\"elementor-element elementor-element-657dad3 e-con-full e-flex e-con e-child\" data-id=\"657dad3\" data-element_type=\"container\" data-e-type=\"container\" data-settings=\"{&quot;sticky&quot;:&quot;top&quot;,&quot;sticky_parent&quot;:&quot;yes&quot;,&quot;sticky_offset&quot;:52,&quot;sticky_effects_offset&quot;:32,&quot;sticky_on&quot;:[&quot;desktop&quot;,&quot;tablet&quot;],&quot;sticky_anchor_link_offset&quot;:0}\">\n\t\t<div class=\"elementor-element elementor-element-1d18358 e-con-full elementor-hidden-desktop elementor-hidden-tablet elementor-hidden-mobile e-flex e-con e-child\" data-id=\"1d18358\" data-element_type=\"container\" data-e-type=\"container\" data-settings=\"{&quot;background_background&quot;:&quot;classic&quot;}\">\n\t\t\t\t<div class=\"elementor-element elementor-element-3fb8ce8 elementor-widget elementor-widget-heading\" data-id=\"3fb8ce8\" data-element_type=\"widget\" data-e-type=\"widget\" data-widget_type=\"heading.default\">\n\t\t\t\t<div class=\"elementor-widget-container\">\n\t\t\t\t\t<h2 class=\"elementor-heading-title elementor-size-default\"><a href=\"https:\/\/www.ecorav.com\/sostenibilita\/#ambito-ambientale\">AMBITO AMBIENTALE<\/a><\/h2>\t\t\t\t<\/div>\n\t\t\t\t<\/div>\n\t\t\t\t<div class=\"elementor-element elementor-element-661bf17 elementor-widget elementor-widget-image\" data-id=\"661bf17\" data-element_type=\"widget\" data-e-type=\"widget\" data-widget_type=\"image.default\">\n\t\t\t\t<div class=\"elementor-widget-container\">\n\t\t\t\t\t\t\t\t\t\t\t\t\t\t\t<img decoding=\"async\" width=\"441\" height=\"16\" src=\"https:\/\/www.ecorav.com\/wp-content\/uploads\/2020\/11\/filetto.png\" class=\"attachment-full size-full wp-image-350\" alt=\"\" srcset=\"https:\/\/www.ecorav.com\/wp-content\/uploads\/2020\/11\/filetto.png 441w, https:\/\/www.ecorav.com\/wp-content\/uploads\/2020\/11\/filetto-300x11.png 300w\" sizes=\"(max-width: 441px) 100vw, 441px\" \/>\t\t\t\t\t\t\t\t\t\t\t\t\t\t\t<\/div>\n\t\t\t\t<\/div>\n\t\t<div class=\"elementor-element elementor-element-6286ba7 e-con-full e-flex e-con e-child\" data-id=\"6286ba7\" data-element_type=\"container\" data-e-type=\"container\">\n\t\t\t\t<div class=\"elementor-element elementor-element-eb9069d elementor-nav-menu--dropdown-none elementor-widget elementor-widget-nav-menu\" data-id=\"eb9069d\" data-element_type=\"widget\" data-e-type=\"widget\" data-settings=\"{&quot;layout&quot;:&quot;vertical&quot;,&quot;submenu_icon&quot;:{&quot;value&quot;:&quot;&lt;i class=\\&quot;fas fa-caret-down\\&quot; aria-hidden=\\&quot;true\\&quot;&gt;&lt;\\\/i&gt;&quot;,&quot;library&quot;:&quot;fa-solid&quot;}}\" data-widget_type=\"nav-menu.default\">\n\t\t\t\t<div class=\"elementor-widget-container\">\n\t\t\t\t\t\t\t\t<nav aria-label=\"Menu\" class=\"elementor-nav-menu--main elementor-nav-menu__container elementor-nav-menu--layout-vertical e--pointer-none\">\n\t\t\t\t<ul id=\"menu-1-eb9069d\" class=\"elementor-nav-menu sm-vertical\"><li class=\"menu-item menu-item-type-custom menu-item-object-custom menu-item-1890\"><a href=\"#Impegno-per-l-ambiente-e-il-clima\" class=\"elementor-item elementor-item-anchor\">Impegno per l\u2019ambiente e il clima<\/a><\/li>\n<li class=\"menu-item menu-item-type-custom menu-item-object-custom menu-item-1891\"><a href=\"#Emissioni-di-C02\" class=\"elementor-item elementor-item-anchor\">Emissioni di C02<\/a><\/li>\n<li class=\"menu-item menu-item-type-custom menu-item-object-custom menu-item-1892\"><a href=\"#Ambiente-in-numeri\" class=\"elementor-item elementor-item-anchor\">Ambiente in numeri<\/a><\/li>\n<\/ul>\t\t\t<\/nav>\n\t\t\t\t\t\t<nav class=\"elementor-nav-menu--dropdown elementor-nav-menu__container\" aria-hidden=\"true\">\n\t\t\t\t<ul id=\"menu-2-eb9069d\" class=\"elementor-nav-menu sm-vertical\"><li class=\"menu-item menu-item-type-custom menu-item-object-custom menu-item-1890\"><a href=\"#Impegno-per-l-ambiente-e-il-clima\" class=\"elementor-item elementor-item-anchor\" tabindex=\"-1\">Impegno per l\u2019ambiente e il clima<\/a><\/li>\n<li class=\"menu-item menu-item-type-custom menu-item-object-custom menu-item-1891\"><a href=\"#Emissioni-di-C02\" class=\"elementor-item elementor-item-anchor\" tabindex=\"-1\">Emissioni di C02<\/a><\/li>\n<li class=\"menu-item menu-item-type-custom menu-item-object-custom menu-item-1892\"><a href=\"#Ambiente-in-numeri\" class=\"elementor-item elementor-item-anchor\" tabindex=\"-1\">Ambiente in numeri<\/a><\/li>\n<\/ul>\t\t\t<\/nav>\n\t\t\t\t\t\t<\/div>\n\t\t\t\t<\/div>\n\t\t\t\t<\/div>\n\t\t\t\t<\/div>\n\t\t\t\t<\/div>\n\t\t\t\t\t<\/div>\n\t\t\t\t<\/div>\n\t\t<div class=\"elementor-element elementor-element-aeda5fe e-flex e-con-boxed e-con e-parent\" data-id=\"aeda5fe\" data-element_type=\"container\" data-e-type=\"container\">\n\t\t\t\t\t<div class=\"e-con-inner\">\n\t\t<div class=\"elementor-element elementor-element-b69c05d e-con-full e-flex e-con e-child\" data-id=\"b69c05d\" data-element_type=\"container\" data-e-type=\"container\">\n\t\t<div class=\"elementor-element elementor-element-f488501 e-con-full e-flex e-con e-child\" data-id=\"f488501\" data-element_type=\"container\" data-e-type=\"container\">\n\t\t<div class=\"elementor-element elementor-element-144059a e-con-full e-flex e-con e-child\" data-id=\"144059a\" data-element_type=\"container\" data-e-type=\"container\">\n\t\t<div class=\"elementor-element elementor-element-a348110 e-con-full e-flex e-con e-child\" data-id=\"a348110\" data-element_type=\"container\" data-e-type=\"container\">\n\t\t\t\t<div class=\"elementor-element elementor-element-462dfe8 elementor-widget elementor-widget-image\" data-id=\"462dfe8\" data-element_type=\"widget\" data-e-type=\"widget\" data-widget_type=\"image.default\">\n\t\t\t\t<div class=\"elementor-widget-container\">\n\t\t\t\t\t\t\t\t\t\t\t\t\t\t\t\t<a href=\"https:\/\/www.ecorav.com\/ambito-ambientale\/\">\n\t\t\t\t\t\t\t<img fetchpriority=\"high\" decoding=\"async\" width=\"800\" height=\"566\" src=\"https:\/\/www.ecorav.com\/wp-content\/uploads\/2024\/09\/ambito-ambientale-1024x724.jpg\" class=\"attachment-large size-large wp-image-2081\" alt=\"ambito-ambientale\" srcset=\"https:\/\/www.ecorav.com\/wp-content\/uploads\/2024\/09\/ambito-ambientale-1024x724.jpg 1024w, https:\/\/www.ecorav.com\/wp-content\/uploads\/2024\/09\/ambito-ambientale-300x212.jpg 300w, https:\/\/www.ecorav.com\/wp-content\/uploads\/2024\/09\/ambito-ambientale-768x543.jpg 768w, https:\/\/www.ecorav.com\/wp-content\/uploads\/2024\/09\/ambito-ambientale-18x12.jpg 18w, https:\/\/www.ecorav.com\/wp-content\/uploads\/2024\/09\/ambito-ambientale.jpg 1200w\" sizes=\"(max-width: 800px) 100vw, 800px\" \/>\t\t\t\t\t\t\t\t<\/a>\n\t\t\t\t\t\t\t\t\t\t\t\t\t\t\t<\/div>\n\t\t\t\t<\/div>\n\t\t\t\t<div class=\"elementor-element elementor-element-d9d51c7 elementor-icon-list--layout-inline elementor-align-start elementor-list-item-link-full_width elementor-widget elementor-widget-icon-list\" data-id=\"d9d51c7\" data-element_type=\"widget\" data-e-type=\"widget\" data-widget_type=\"icon-list.default\">\n\t\t\t\t<div class=\"elementor-widget-container\">\n\t\t\t\t\t\t\t<ul class=\"elementor-icon-list-items elementor-inline-items\">\n\t\t\t\t\t\t\t<li class=\"elementor-icon-list-item elementor-inline-item\">\n\t\t\t\t\t\t\t\t\t\t\t<a href=\"https:\/\/www.ecorav.com\/ambito-ambientale\/\">\n\n\t\t\t\t\t\t\t\t\t\t\t\t<span class=\"elementor-icon-list-icon\">\n\t\t\t\t\t\t\t<i aria-hidden=\"true\" class=\"far fa-circle\"><\/i>\t\t\t\t\t\t<\/span>\n\t\t\t\t\t\t\t\t\t\t<span class=\"elementor-icon-list-text\">Ambito Ambientale<\/span>\n\t\t\t\t\t\t\t\t\t\t\t<\/a>\n\t\t\t\t\t\t\t\t\t<\/li>\n\t\t\t\t\t\t<\/ul>\n\t\t\t\t\t\t<\/div>\n\t\t\t\t<\/div>\n\t\t\t\t<\/div>\n\t\t\t\t<\/div>\n\t\t<div class=\"elementor-element elementor-element-0b81732 e-con-full e-flex e-con e-child\" data-id=\"0b81732\" data-element_type=\"container\" data-e-type=\"container\">\n\t\t\t\t<div class=\"elementor-element elementor-element-40e8de0 elementor-widget elementor-widget-image\" data-id=\"40e8de0\" data-element_type=\"widget\" data-e-type=\"widget\" data-widget_type=\"image.default\">\n\t\t\t\t<div class=\"elementor-widget-container\">\n\t\t\t\t\t\t\t\t\t\t\t\t\t\t\t\t<a href=\"https:\/\/www.ecorav.com\/ambito-governance\/\">\n\t\t\t\t\t\t\t<img loading=\"lazy\" decoding=\"async\" width=\"800\" height=\"566\" src=\"https:\/\/www.ecorav.com\/wp-content\/uploads\/2024\/09\/ambito-governance-1024x724.jpg\" class=\"attachment-large size-large wp-image-2082\" alt=\"ambito-governance\" srcset=\"https:\/\/www.ecorav.com\/wp-content\/uploads\/2024\/09\/ambito-governance-1024x724.jpg 1024w, https:\/\/www.ecorav.com\/wp-content\/uploads\/2024\/09\/ambito-governance-300x212.jpg 300w, https:\/\/www.ecorav.com\/wp-content\/uploads\/2024\/09\/ambito-governance-768x543.jpg 768w, https:\/\/www.ecorav.com\/wp-content\/uploads\/2024\/09\/ambito-governance-18x12.jpg 18w, https:\/\/www.ecorav.com\/wp-content\/uploads\/2024\/09\/ambito-governance.jpg 1200w\" sizes=\"(max-width: 800px) 100vw, 800px\" \/>\t\t\t\t\t\t\t\t<\/a>\n\t\t\t\t\t\t\t\t\t\t\t\t\t\t\t<\/div>\n\t\t\t\t<\/div>\n\t\t\t\t<div class=\"elementor-element elementor-element-f5ca1d7 elementor-icon-list--layout-inline elementor-align-start elementor-list-item-link-full_width elementor-widget elementor-widget-icon-list\" data-id=\"f5ca1d7\" data-element_type=\"widget\" data-e-type=\"widget\" data-widget_type=\"icon-list.default\">\n\t\t\t\t<div class=\"elementor-widget-container\">\n\t\t\t\t\t\t\t<ul class=\"elementor-icon-list-items elementor-inline-items\">\n\t\t\t\t\t\t\t<li class=\"elementor-icon-list-item elementor-inline-item\">\n\t\t\t\t\t\t\t\t\t\t\t<a href=\"https:\/\/www.ecorav.com\/ambito-governance\/\">\n\n\t\t\t\t\t\t\t\t\t\t\t\t<span class=\"elementor-icon-list-icon\">\n\t\t\t\t\t\t\t<i aria-hidden=\"true\" class=\"far fa-circle\"><\/i>\t\t\t\t\t\t<\/span>\n\t\t\t\t\t\t\t\t\t\t<span class=\"elementor-icon-list-text\">AMBITO GOVERNANCE<\/span>\n\t\t\t\t\t\t\t\t\t\t\t<\/a>\n\t\t\t\t\t\t\t\t\t<\/li>\n\t\t\t\t\t\t<\/ul>\n\t\t\t\t\t\t<\/div>\n\t\t\t\t<\/div>\n\t\t\t\t<\/div>\n\t\t<div class=\"elementor-element elementor-element-8d2468b e-con-full e-flex e-con e-child\" data-id=\"8d2468b\" data-element_type=\"container\" data-e-type=\"container\">\n\t\t\t\t<div class=\"elementor-element elementor-element-936cf49 elementor-widget elementor-widget-image\" data-id=\"936cf49\" data-element_type=\"widget\" data-e-type=\"widget\" data-widget_type=\"image.default\">\n\t\t\t\t<div class=\"elementor-widget-container\">\n\t\t\t\t\t\t\t\t\t\t\t\t\t\t\t\t<a href=\"https:\/\/www.ecorav.com\/ambito-sociale\/\">\n\t\t\t\t\t\t\t<img loading=\"lazy\" decoding=\"async\" width=\"800\" height=\"566\" src=\"https:\/\/www.ecorav.com\/wp-content\/uploads\/2024\/09\/ambito-sociale-1024x724.jpg\" class=\"attachment-large size-large wp-image-2083\" alt=\"ambito-sociale\" srcset=\"https:\/\/www.ecorav.com\/wp-content\/uploads\/2024\/09\/ambito-sociale-1024x724.jpg 1024w, https:\/\/www.ecorav.com\/wp-content\/uploads\/2024\/09\/ambito-sociale-300x212.jpg 300w, https:\/\/www.ecorav.com\/wp-content\/uploads\/2024\/09\/ambito-sociale-768x543.jpg 768w, https:\/\/www.ecorav.com\/wp-content\/uploads\/2024\/09\/ambito-sociale-18x12.jpg 18w, https:\/\/www.ecorav.com\/wp-content\/uploads\/2024\/09\/ambito-sociale.jpg 1200w\" sizes=\"(max-width: 800px) 100vw, 800px\" \/>\t\t\t\t\t\t\t\t<\/a>\n\t\t\t\t\t\t\t\t\t\t\t\t\t\t\t<\/div>\n\t\t\t\t<\/div>\n\t\t\t\t<div class=\"elementor-element elementor-element-f65741f elementor-icon-list--layout-inline elementor-align-start elementor-list-item-link-full_width elementor-widget elementor-widget-icon-list\" data-id=\"f65741f\" data-element_type=\"widget\" data-e-type=\"widget\" data-widget_type=\"icon-list.default\">\n\t\t\t\t<div class=\"elementor-widget-container\">\n\t\t\t\t\t\t\t<ul class=\"elementor-icon-list-items elementor-inline-items\">\n\t\t\t\t\t\t\t<li class=\"elementor-icon-list-item elementor-inline-item\">\n\t\t\t\t\t\t\t\t\t\t\t<a href=\"https:\/\/www.ecorav.com\/ambito-sociale\/\">\n\n\t\t\t\t\t\t\t\t\t\t\t\t<span class=\"elementor-icon-list-icon\">\n\t\t\t\t\t\t\t<i aria-hidden=\"true\" class=\"far fa-circle\"><\/i>\t\t\t\t\t\t<\/span>\n\t\t\t\t\t\t\t\t\t\t<span class=\"elementor-icon-list-text\">Ambito Sociale<\/span>\n\t\t\t\t\t\t\t\t\t\t\t<\/a>\n\t\t\t\t\t\t\t\t\t<\/li>\n\t\t\t\t\t\t<\/ul>\n\t\t\t\t\t\t<\/div>\n\t\t\t\t<\/div>\n\t\t\t\t<\/div>\n\t\t\t\t<\/div>\n\t\t\t\t<\/div>\n\t\t\t\t\t<\/div>\n\t\t\t\t<\/div>\n\t\t\t\t<\/div>\n\t\t","protected":false},"excerpt":{"rendered":"<p>Reporting L\u2019IMPEGNO di ECORAV PER L\u2019AMBIENTE e PER IL CLIMA l Gruppo, di cui Eco.Ra.V. \u00e8 Societ\u00e0 Madre, \u00e8 orgoglioso di presentare il primo Bilancio di Sostenibilit\u00e0, frutto di un percorso di consapevolezza e responsabilit\u00e0 nei confronti di ambiente, personale e territorio. Con questo documento si desidera condividere i risultati raggiunti, gli obiettivi, le azioni [&hellip;]<\/p>\n","protected":false},"author":1,"featured_media":0,"parent":1798,"menu_order":0,"comment_status":"closed","ping_status":"closed","template":"elementor_header_footer","meta":{"footnotes":""},"class_list":["post-2341","page","type-page","status-publish","hentry"],"_links":{"self":[{"href":"https:\/\/www.ecorav.com\/es\/wp-json\/wp\/v2\/pages\/2341","targetHints":{"allow":["GET"]}}],"collection":[{"href":"https:\/\/www.ecorav.com\/es\/wp-json\/wp\/v2\/pages"}],"about":[{"href":"https:\/\/www.ecorav.com\/es\/wp-json\/wp\/v2\/types\/page"}],"author":[{"embeddable":true,"href":"https:\/\/www.ecorav.com\/es\/wp-json\/wp\/v2\/users\/1"}],"replies":[{"embeddable":true,"href":"https:\/\/www.ecorav.com\/es\/wp-json\/wp\/v2\/comments?post=2341"}],"version-history":[{"count":19,"href":"https:\/\/www.ecorav.com\/es\/wp-json\/wp\/v2\/pages\/2341\/revisions"}],"predecessor-version":[{"id":2510,"href":"https:\/\/www.ecorav.com\/es\/wp-json\/wp\/v2\/pages\/2341\/revisions\/2510"}],"up":[{"embeddable":true,"href":"https:\/\/www.ecorav.com\/es\/wp-json\/wp\/v2\/pages\/1798"}],"wp:attachment":[{"href":"https:\/\/www.ecorav.com\/es\/wp-json\/wp\/v2\/media?parent=2341"}],"curies":[{"name":"wp","href":"https:\/\/api.w.org\/{rel}","templated":true}]}}